{"id":32,"date":"2025-11-04T14:50:13","date_gmt":"2025-11-04T14:50:13","guid":{"rendered":"https:\/\/kulturtrabant.de\/?page_id=32"},"modified":"2025-11-04T14:50:13","modified_gmt":"2025-11-04T14:50:13","slug":"kultur_trabant-e-v","status":"publish","type":"page","link":"https:\/\/kulturtrabant.de\/","title":{"rendered":"Kultur_Trabant e.V."},"content":{"rendered":"\n<p>Kultur_Trabant e.V. ist ein Leipziger Kunst- und Kulturverein, der Kunst aus geschlossenen R\u00e4umen heraus- und mitten in den Alltag hineinbringt. Wir arbeiten dort, wo Menschen leben: auf Stra\u00dfen, in D\u00f6rfern, auf Pl\u00e4tzen, im Gespr\u00e4ch \u2013 nicht im abgeschlossenen White Cube. Unser Ansatz ist einfach: Wenn Menschen nicht zur Kunst kommen, kommt die Kunst eben zu ihnen.<\/p>\n\n\n\n<p>Unser fahrendes Herzst\u00fcck hei\u00dft&nbsp;<strong>\u201eDer Kulturtrabi kommt\u201c<\/strong>&nbsp;\u2013 ein mobiles Kunst- und Forschungsprojekt im Trabant 601. Mit ihm rollen wir durch die neuen Bundesl\u00e4nder, halten an Orten, die wenige kulturelle Angebote haben, und schaffen dort R\u00e4ume f\u00fcr Begegnung, Beteiligung und k\u00fcnstlerische Forschung. Der Trabi knattert, aber er h\u00f6rt zu: Wir sammeln Stimmen, Geschichten und Perspektiven und entwickeln daraus k\u00fcnstlerische Formate, die so vielf\u00e4ltig sind wie die Menschen, denen wir begegnen.<\/p>\n\n\n\n<p>Unsere Arbeit ist transdisziplin\u00e4r: Performance trifft auf Interview, Recherche auf H\u00f6rspiel, Workshop auf spontane Intervention im \u00f6ffentlichen Raum. Wir denken Kunst als offene Praxis, nicht als Frontalprogramm. Menschen k\u00f6nnen mitmachen, zuh\u00f6ren, erz\u00e4hlen oder einfach beobachten. Wichtig ist der Austausch \u2013 nicht die Eintrittskarte.<\/p>\n\n\n\n<p>Ein Beispiel daf\u00fcr ist unser Langzeitprojekt&nbsp;<strong>\u201eDrive. Don\u2019t Turn.\u201c<\/strong>&nbsp;\u2013 eine k\u00fcnstlerisch-dokumentarische Recherche zu Schwarztaxis und Nachtkultur in der DDR. Zwei Jahre lang haben wir daf\u00fcr Interviews gef\u00fchrt, Archive durchforstet und Geschichten sichtbar gemacht, die sonst im Unterboden der Geschichte verschwunden w\u00e4ren. Wir sind selbst Schwarztaxi gefahren und haben K\u00fcnstler<em>innen in das Auto eingeladen: So trifft der Operns\u00e4nger auf n\u00e4chtliche Leipziger Spazierg\u00e4nger<\/em>innen, die pl\u00f6tzlich Teil einer fahrenden Mini-Oper werden, oder die Quizmasterin mit ihrem \u201eEinb\u00fcrgerungstest\u201c auf zuf\u00e4lliges Stra\u00dfenpublikum. Kunst und Alltag geraten in Bewegung \u2013 im wahrsten Sinne des Wortes.<\/p>\n\n\n\n<p>Ein besonderes Format von uns ist die&nbsp;<strong>Podcastmaschine<\/strong>: ein mobiles Podcast-Studio im Trabi. Hier entstehen Gespr\u00e4che \u00fcber Erinnerungen, Lebenswege und Perspektiven. In Kooperation mit dem Stadtgeschichtlichen Museum Leipzig produzierten wir beispielsweise&nbsp;<strong>\u201eMit dem Trabi in die 90er\u201c<\/strong>. Bis heute haben wir rund 100 Gespr\u00e4che gesammelt \u2013 zu Themen rund um SED-Diktatur, Wendezeit und Gegenwartserfahrungen.<\/p>\n\n\n\n<p>Wir f\u00f6rdern und unterst\u00fctzen zudem andere Kulturakteur<em>innen, deren Projekte inhaltlich zu unserer Arbeit passen \u2013 etwa&nbsp;<strong>DinaKleiner<\/strong>, ein Ausstellungsformat mit bezahlbarer Kleinformat-Kunst, oder&nbsp;<strong>Platte Macchiato<\/strong>, ein offenes Kunst- und Begegnungsprojekt im s\u00fcdbrandenburgischen Plattenbau. Dort entstehen gemeinsam mit Nachbar<\/em>innen neue Geschichten, Formate und kulturelle Impulse f\u00fcr den Alltag, die den Stadtraum als sozialen und kreativen Ort sichtbar machen.<\/p>\n\n\n\n<p>Kurz gesagt: Wir machen Kunst im Feld, nicht im Elfenbeinturm. Wir arbeiten beweglich, offen und mit Humor \u2013 manchmal leise, manchmal laut, immer nah am Leben und den Geschichten der Menschen.<\/p>\n\n\n\n<blockquote class=\"wp-block-quote is-layout-flow wp-block-quote-is-layout-flow\">\n<p><strong>Wir bringen Kunst zu Menschen, nicht Menschen zur Kunst.<\/strong><br>Dort, wo Alltag und Kultur sich begegnen, beginnt unsere Arbeit.<\/p>\n<\/blockquote>\n\n\n\n<p><\/p>\n","protected":false},"excerpt":{"rendered":"<p>Kultur_Trabant e.V. ist ein Leipziger Kunst- und Kulturverein, der Kunst aus geschlossenen R\u00e4umen heraus- und mitten in den Alltag hineinbringt. Wir arbeiten dort, wo Menschen leben: auf Stra\u00dfen, in D\u00f6rfern, auf Pl\u00e4tzen, im Gespr\u00e4ch \u2013 nicht im abgeschlossenen White Cube. Unser Ansatz ist einfach: Wenn Menschen nicht zur Kunst kommen, kommt die Kunst eben zu [&hellip;]<\/p>\n","protected":false},"author":1,"featured_media":0,"parent":0,"menu_order":0,"comment_status":"closed","ping_status":"closed","template":"","meta":{"footnotes":""},"class_list":["post-32","page","type-page","status-publish","hentry"],"_links":{"self":[{"href":"https:\/\/kulturtrabant.de\/index.php?rest_route=\/wp\/v2\/pages\/32","targetHints":{"allow":["GET"]}}],"collection":[{"href":"https:\/\/kulturtrabant.de\/index.php?rest_route=\/wp\/v2\/pages"}],"about":[{"href":"https:\/\/kulturtrabant.de\/index.php?rest_route=\/wp\/v2\/types\/page"}],"author":[{"embeddable":true,"href":"https:\/\/kulturtrabant.de\/index.php?rest_route=\/wp\/v2\/users\/1"}],"replies":[{"embeddable":true,"href":"https:\/\/kulturtrabant.de\/index.php?rest_route=%2Fwp%2Fv2%2Fcomments&post=32"}],"version-history":[{"count":1,"href":"https:\/\/kulturtrabant.de\/index.php?rest_route=\/wp\/v2\/pages\/32\/revisions"}],"predecessor-version":[{"id":33,"href":"https:\/\/kulturtrabant.de\/index.php?rest_route=\/wp\/v2\/pages\/32\/revisions\/33"}],"wp:attachment":[{"href":"https:\/\/kulturtrabant.de\/index.php?rest_route=%2Fwp%2Fv2%2Fmedia&parent=32"}],"curies":[{"name":"wp","href":"https:\/\/api.w.org\/{rel}","templated":true}]}}